{"id":1454,"date":"2023-02-01T15:45:49","date_gmt":"2023-02-01T15:45:49","guid":{"rendered":"https:\/\/stratya.com\/?page_id=1454"},"modified":"2023-02-01T15:46:26","modified_gmt":"2023-02-01T15:46:26","slug":"configuracion-de-cookies","status":"publish","type":"page","link":"https:\/\/stratya.com\/es\/configuracion-de-cookies\/","title":{"rendered":"Configuraci\u00f3n de cookies"},"content":{"rendered":"<a id=\"wt-cli-settings-btn\" tabindex=\"0\" role='button' style=\"border-bottom:1px solid rgb(0, 0, 0); text-decoration:none; border-top-color:rgb(0, 0, 0); border-right-color:rgb(0, 0, 0); border-left-color:rgb(0, 0, 0);\" class=\"wt-cli-element medium cli-plugin-button cli-plugin-main-button cli_settings_button\" >Configurar cookies<\/a>\n\n\n\n<p>\u00a0<\/p>\n<p>Las cookies son peque\u00f1os archivos de texto que las p\u00e1ginas web pueden utilizar para hacer m\u00e1s eficiente la experiencia del usuario.<br \/><br \/>La ley afirma que podemos almacenar cookies en su dispositivo si son estrictamente necesarias para el funcionamiento de esta p\u00e1gina. Para todos los dem\u00e1s tipos de cookies necesitamos su permiso.<br \/><br \/>Esta p\u00e1gina utiliza tipos diferentes de cookies. Algunas cookies son colocadas por servicios de terceros que aparecen en nuestras p\u00e1ginas.<br \/><br \/>En cualquier momento puede cambiar o retirar su consentimiento desde la Declaraci\u00f3n de cookies en nuestro sitio web.\u00a0<br \/><br \/>Obtenga m\u00e1s informaci\u00f3n sobre qui\u00e9nes somos, c\u00f3mo puede contactarnos y c\u00f3mo procesamos los datos personales en nuestra <a href=\"\/es\/politica-privacidad\/\">Pol\u00edtica de privacidad<\/a>.<br \/><br \/>Al contactarnos respecto a su consentimiento, por favor, indique el ID y la fecha de su consentimiento.<\/p>\n<p>\u00a0<\/p>\n<p>\u00a0<\/p>\n<p>\u00a0<\/p>\n<p>\u00a0<\/p>\n<p>\u00a0<\/p>\n<p>\u00a0<\/p>\n","protected":false},"excerpt":{"rendered":"<p>\u00a0 Las cookies son peque\u00f1os archivos de texto que las p\u00e1ginas web pueden utilizar para hacer m\u00e1s eficiente la experiencia del usuario. La ley afirma que podemos almacenar cookies en &hellip;<\/p>\n","protected":false},"author":1,"featured_media":0,"parent":0,"menu_order":0,"comment_status":"closed","ping_status":"closed","template":"","meta":[],"acf":[],"yoast_head":"<!-- This site is optimized with the Yoast SEO plugin v19.2 - https:\/\/yoast.com\/wordpress\/plugins\/seo\/ -->\n<title>Configuraci\u00f3n de cookies - Stratya<\/title>\n<meta name=\"description\" content=\"\u00a0 Las cookies son peque\u00f1os archivos de texto que las p\u00e1ginas web pueden utilizar para hacer m\u00e1s eficiente la experiencia del usuario.La ley afirma que\" \/>\n<meta name=\"robots\" content=\"index, follow, max-snippet:-1, max-image-preview:large, max-video-preview:-1\" \/>\n<link rel=\"canonical\" href=\"https:\/\/stratya.com\/es\/configuracion-de-cookies\/\" \/>\n<meta property=\"og:locale\" content=\"es_ES\" \/>\n<meta property=\"og:type\" content=\"article\" \/>\n<meta property=\"og:title\" content=\"Configuraci\u00f3n de cookies - Stratya\" \/>\n<meta property=\"og:description\" content=\"\u00a0 Las cookies son peque\u00f1os archivos de texto que las p\u00e1ginas web pueden utilizar para hacer m\u00e1s eficiente la experiencia del usuario.La ley afirma que\" \/>\n<meta property=\"og:url\" content=\"https:\/\/stratya.com\/es\/configuracion-de-cookies\/\" \/>\n<meta property=\"og:site_name\" content=\"Stratya\" \/>\n<meta property=\"article:modified_time\" content=\"2023-02-01T15:46:26+00:00\" \/>\n<meta name=\"author\" content=\"emfasi\" \/>\n<meta name=\"twitter:card\" content=\"summary_large_image\" \/>\n<meta name=\"twitter:label1\" content=\"Tiempo de lectura\" \/>\n\t<meta name=\"twitter:data1\" content=\"1 minuto\" \/>\n<script type=\"application\/ld+json\" class=\"yoast-schema-graph\">{\"@context\":\"https:\/\/schema.org\",\"@graph\":[{\"@type\":\"Organization\",\"@id\":\"https:\/\/stratya.com\/es\/#organization\",\"name\":\"Stratya\",\"url\":\"https:\/\/stratya.com\/es\/\",\"sameAs\":[],\"logo\":{\"@type\":\"ImageObject\",\"inLanguage\":\"es\",\"@id\":\"https:\/\/stratya.com\/es\/#\/schema\/logo\/image\/\",\"url\":\"https:\/\/stratya.com\/wp-content\/uploads\/logo-stratya.png\",\"contentUrl\":\"https:\/\/stratya.com\/wp-content\/uploads\/logo-stratya.png\",\"width\":606,\"height\":213,\"caption\":\"Stratya\"},\"image\":{\"@id\":\"https:\/\/stratya.com\/es\/#\/schema\/logo\/image\/\"}},{\"@type\":\"WebSite\",\"@id\":\"https:\/\/stratya.com\/es\/#website\",\"url\":\"https:\/\/stratya.com\/es\/\",\"name\":\"Stratya\",\"description\":\"Software de gesti\u00f3n, by OnClick Solutions\",\"publisher\":{\"@id\":\"https:\/\/stratya.com\/es\/#organization\"},\"potentialAction\":[{\"@type\":\"SearchAction\",\"target\":{\"@type\":\"EntryPoint\",\"urlTemplate\":\"https:\/\/stratya.com\/es\/?s={search_term_string}\"},\"query-input\":\"required name=search_term_string\"}],\"inLanguage\":\"es\"},{\"@type\":\"WebPage\",\"@id\":\"https:\/\/stratya.com\/es\/configuracion-de-cookies\/#webpage\",\"url\":\"https:\/\/stratya.com\/es\/configuracion-de-cookies\/\",\"name\":\"Configuraci\u00f3n de cookies - Stratya\",\"isPartOf\":{\"@id\":\"https:\/\/stratya.com\/es\/#website\"},\"datePublished\":\"2023-02-01T15:45:49+00:00\",\"dateModified\":\"2023-02-01T15:46:26+00:00\",\"description\":\"\u00a0 Las cookies son peque\u00f1os archivos de texto que las p\u00e1ginas web pueden utilizar para hacer m\u00e1s eficiente la experiencia del usuario.La ley afirma que\",\"breadcrumb\":{\"@id\":\"https:\/\/stratya.com\/es\/configuracion-de-cookies\/#breadcrumb\"},\"inLanguage\":\"es\",\"potentialAction\":[{\"@type\":\"ReadAction\",\"target\":[\"https:\/\/stratya.com\/es\/configuracion-de-cookies\/\"]}]},{\"@type\":\"BreadcrumbList\",\"@id\":\"https:\/\/stratya.com\/es\/configuracion-de-cookies\/#breadcrumb\",\"itemListElement\":[{\"@type\":\"ListItem\",\"position\":1,\"name\":\"Portada\",\"item\":\"https:\/\/stratya.com\/es\/\"},{\"@type\":\"ListItem\",\"position\":2,\"name\":\"Configuraci\u00f3n de cookies\"}]}]}<\/script>\n<!-- \/ Yoast SEO plugin. -->","yoast_head_json":{"title":"Configuraci\u00f3n de cookies - Stratya","description":"\u00a0 Las cookies son peque\u00f1os archivos de texto que las p\u00e1ginas web pueden utilizar para hacer m\u00e1s eficiente la experiencia del usuario.La ley afirma que","robots":{"index":"index","follow":"follow","max-snippet":"max-snippet:-1","max-image-preview":"max-image-preview:large","max-video-preview":"max-video-preview:-1"},"canonical":"https:\/\/stratya.com\/es\/configuracion-de-cookies\/","og_locale":"es_ES","og_type":"article","og_title":"Configuraci\u00f3n de cookies - Stratya","og_description":"\u00a0 Las cookies son peque\u00f1os archivos de texto que las p\u00e1ginas web pueden utilizar para hacer m\u00e1s eficiente la experiencia del usuario.La ley afirma que","og_url":"https:\/\/stratya.com\/es\/configuracion-de-cookies\/","og_site_name":"Stratya","article_modified_time":"2023-02-01T15:46:26+00:00","author":"emfasi","twitter_card":"summary_large_image","twitter_misc":{"Tiempo de lectura":"1 minuto"},"schema":{"@context":"https:\/\/schema.org","@graph":[{"@type":"Organization","@id":"https:\/\/stratya.com\/es\/#organization","name":"Stratya","url":"https:\/\/stratya.com\/es\/","sameAs":[],"logo":{"@type":"ImageObject","inLanguage":"es","@id":"https:\/\/stratya.com\/es\/#\/schema\/logo\/image\/","url":"https:\/\/stratya.com\/wp-content\/uploads\/logo-stratya.png","contentUrl":"https:\/\/stratya.com\/wp-content\/uploads\/logo-stratya.png","width":606,"height":213,"caption":"Stratya"},"image":{"@id":"https:\/\/stratya.com\/es\/#\/schema\/logo\/image\/"}},{"@type":"WebSite","@id":"https:\/\/stratya.com\/es\/#website","url":"https:\/\/stratya.com\/es\/","name":"Stratya","description":"Software de gesti\u00f3n, by OnClick Solutions","publisher":{"@id":"https:\/\/stratya.com\/es\/#organization"},"potentialAction":[{"@type":"SearchAction","target":{"@type":"EntryPoint","urlTemplate":"https:\/\/stratya.com\/es\/?s={search_term_string}"},"query-input":"required name=search_term_string"}],"inLanguage":"es"},{"@type":"WebPage","@id":"https:\/\/stratya.com\/es\/configuracion-de-cookies\/#webpage","url":"https:\/\/stratya.com\/es\/configuracion-de-cookies\/","name":"Configuraci\u00f3n de cookies - Stratya","isPartOf":{"@id":"https:\/\/stratya.com\/es\/#website"},"datePublished":"2023-02-01T15:45:49+00:00","dateModified":"2023-02-01T15:46:26+00:00","description":"\u00a0 Las cookies son peque\u00f1os archivos de texto que las p\u00e1ginas web pueden utilizar para hacer m\u00e1s eficiente la experiencia del usuario.La ley afirma que","breadcrumb":{"@id":"https:\/\/stratya.com\/es\/configuracion-de-cookies\/#breadcrumb"},"inLanguage":"es","potentialAction":[{"@type":"ReadAction","target":["https:\/\/stratya.com\/es\/configuracion-de-cookies\/"]}]},{"@type":"BreadcrumbList","@id":"https:\/\/stratya.com\/es\/configuracion-de-cookies\/#breadcrumb","itemListElement":[{"@type":"ListItem","position":1,"name":"Portada","item":"https:\/\/stratya.com\/es\/"},{"@type":"ListItem","position":2,"name":"Configuraci\u00f3n de cookies"}]}]}},"_links":{"self":[{"href":"https:\/\/stratya.com\/es\/wp-json\/wp\/v2\/pages\/1454"}],"collection":[{"href":"https:\/\/stratya.com\/es\/wp-json\/wp\/v2\/pages"}],"about":[{"href":"https:\/\/stratya.com\/es\/wp-json\/wp\/v2\/types\/page"}],"author":[{"embeddable":true,"href":"https:\/\/stratya.com\/es\/wp-json\/wp\/v2\/users\/1"}],"replies":[{"embeddable":true,"href":"https:\/\/stratya.com\/es\/wp-json\/wp\/v2\/comments?post=1454"}],"version-history":[{"count":3,"href":"https:\/\/stratya.com\/es\/wp-json\/wp\/v2\/pages\/1454\/revisions"}],"predecessor-version":[{"id":1457,"href":"https:\/\/stratya.com\/es\/wp-json\/wp\/v2\/pages\/1454\/revisions\/1457"}],"wp:attachment":[{"href":"https:\/\/stratya.com\/es\/wp-json\/wp\/v2\/media?parent=1454"}],"curies":[{"name":"wp","href":"https:\/\/api.w.org\/{rel}","templated":true}]}}