{"id":448,"date":"2022-06-30T14:59:03","date_gmt":"2022-06-30T14:59:03","guid":{"rendered":"https:\/\/stratya.com\/?page_id=448"},"modified":"2022-07-20T17:40:10","modified_gmt":"2022-07-20T17:40:10","slug":"casos-de-exito","status":"publish","type":"page","link":"https:\/\/stratya.com\/es\/casos-de-exito\/","title":{"rendered":"Casos de \u00e9xito"},"content":{"rendered":"\n<h2 class=\"title-1\">Conozca nuestros proyectos de mayor \u00e9xito<\/h2>\n<h3 class=\"title-2\">Descubra c\u00f3mo nuestros clientes est\u00e1n triunfando con el software de gesti\u00f3n empresarial Stratya<\/h3>\n","protected":false},"excerpt":{"rendered":"<p>Conozca nuestros proyectos de mayor \u00e9xito Descubra c\u00f3mo nuestros clientes est\u00e1n triunfando con el software de gesti\u00f3n empresarial Stratya<\/p>\n","protected":false},"author":1,"featured_media":0,"parent":0,"menu_order":0,"comment_status":"closed","ping_status":"closed","template":"page-templates\/page-success-stories.php","meta":[],"acf":[],"yoast_head":"<!-- This site is optimized with the Yoast SEO plugin v19.2 - https:\/\/yoast.com\/wordpress\/plugins\/seo\/ -->\n<title>Casos de \u00e9xito - Stratya<\/title>\n<meta name=\"description\" content=\"Casos de \u00e9xito. Descubra c\u00f3mo nuestros clientes est\u00e1n triunfando con el software de gesti\u00f3n empresarial Stratya\" \/>\n<meta name=\"robots\" content=\"index, follow, max-snippet:-1, max-image-preview:large, max-video-preview:-1\" \/>\n<link rel=\"canonical\" href=\"https:\/\/stratya.com\/es\/casos-de-exito\/\" \/>\n<meta property=\"og:locale\" content=\"es_ES\" \/>\n<meta property=\"og:type\" content=\"article\" \/>\n<meta property=\"og:title\" content=\"Stratya - Casos de \u00e9xito\" \/>\n<meta property=\"og:description\" content=\"Casos de \u00e9xito. Descubra c\u00f3mo nuestros clientes est\u00e1n triunfando con el software de gesti\u00f3n empresarial Stratya\" \/>\n<meta property=\"og:url\" content=\"https:\/\/stratya.com\/es\/casos-de-exito\/\" \/>\n<meta property=\"og:site_name\" content=\"Stratya\" \/>\n<meta property=\"article:modified_time\" content=\"2022-07-20T17:40:10+00:00\" \/>\n<meta name=\"author\" content=\"emfasi\" \/>\n<meta name=\"twitter:card\" content=\"summary_large_image\" \/>\n<meta name=\"twitter:title\" content=\"Stratya - Casos de \u00e9xito\" \/>\n<meta name=\"twitter:description\" content=\"Casos de \u00e9xito. Descubra c\u00f3mo nuestros clientes est\u00e1n triunfando con el software de gesti\u00f3n empresarial Stratya\" \/>\n<meta name=\"twitter:label1\" content=\"Tiempo de lectura\" \/>\n\t<meta name=\"twitter:data1\" content=\"1 minuto\" \/>\n<script type=\"application\/ld+json\" class=\"yoast-schema-graph\">{\"@context\":\"https:\/\/schema.org\",\"@graph\":[{\"@type\":\"Organization\",\"@id\":\"https:\/\/stratya.com\/es\/#organization\",\"name\":\"Stratya\",\"url\":\"https:\/\/stratya.com\/es\/\",\"sameAs\":[],\"logo\":{\"@type\":\"ImageObject\",\"inLanguage\":\"es\",\"@id\":\"https:\/\/stratya.com\/es\/#\/schema\/logo\/image\/\",\"url\":\"https:\/\/stratya.com\/wp-content\/uploads\/logo-stratya.png\",\"contentUrl\":\"https:\/\/stratya.com\/wp-content\/uploads\/logo-stratya.png\",\"width\":606,\"height\":213,\"caption\":\"Stratya\"},\"image\":{\"@id\":\"https:\/\/stratya.com\/es\/#\/schema\/logo\/image\/\"}},{\"@type\":\"WebSite\",\"@id\":\"https:\/\/stratya.com\/es\/#website\",\"url\":\"https:\/\/stratya.com\/es\/\",\"name\":\"Stratya\",\"description\":\"Software de gesti\u00f3n, by OnClick Solutions\",\"publisher\":{\"@id\":\"https:\/\/stratya.com\/es\/#organization\"},\"potentialAction\":[{\"@type\":\"SearchAction\",\"target\":{\"@type\":\"EntryPoint\",\"urlTemplate\":\"https:\/\/stratya.com\/es\/?s={search_term_string}\"},\"query-input\":\"required name=search_term_string\"}],\"inLanguage\":\"es\"},{\"@type\":\"WebPage\",\"@id\":\"https:\/\/stratya.com\/es\/casos-de-exito\/#webpage\",\"url\":\"https:\/\/stratya.com\/es\/casos-de-exito\/\",\"name\":\"Casos de \u00e9xito - Stratya\",\"isPartOf\":{\"@id\":\"https:\/\/stratya.com\/es\/#website\"},\"datePublished\":\"2022-06-30T14:59:03+00:00\",\"dateModified\":\"2022-07-20T17:40:10+00:00\",\"description\":\"Casos de \u00e9xito. Descubra c\u00f3mo nuestros clientes est\u00e1n triunfando con el software de gesti\u00f3n empresarial Stratya\",\"breadcrumb\":{\"@id\":\"https:\/\/stratya.com\/es\/casos-de-exito\/#breadcrumb\"},\"inLanguage\":\"es\",\"potentialAction\":[{\"@type\":\"ReadAction\",\"target\":[\"https:\/\/stratya.com\/es\/casos-de-exito\/\"]}]},{\"@type\":\"BreadcrumbList\",\"@id\":\"https:\/\/stratya.com\/es\/casos-de-exito\/#breadcrumb\",\"itemListElement\":[{\"@type\":\"ListItem\",\"position\":1,\"name\":\"Portada\",\"item\":\"https:\/\/stratya.com\/es\/\"},{\"@type\":\"ListItem\",\"position\":2,\"name\":\"Casos de \u00e9xito\"}]}]}<\/script>\n<!-- \/ Yoast SEO plugin. -->","yoast_head_json":{"title":"Casos de \u00e9xito - Stratya","description":"Casos de \u00e9xito. Descubra c\u00f3mo nuestros clientes est\u00e1n triunfando con el software de gesti\u00f3n empresarial Stratya","robots":{"index":"index","follow":"follow","max-snippet":"max-snippet:-1","max-image-preview":"max-image-preview:large","max-video-preview":"max-video-preview:-1"},"canonical":"https:\/\/stratya.com\/es\/casos-de-exito\/","og_locale":"es_ES","og_type":"article","og_title":"Stratya - Casos de \u00e9xito","og_description":"Casos de \u00e9xito. Descubra c\u00f3mo nuestros clientes est\u00e1n triunfando con el software de gesti\u00f3n empresarial Stratya","og_url":"https:\/\/stratya.com\/es\/casos-de-exito\/","og_site_name":"Stratya","article_modified_time":"2022-07-20T17:40:10+00:00","author":"emfasi","twitter_card":"summary_large_image","twitter_title":"Stratya - Casos de \u00e9xito","twitter_description":"Casos de \u00e9xito. Descubra c\u00f3mo nuestros clientes est\u00e1n triunfando con el software de gesti\u00f3n empresarial Stratya","twitter_misc":{"Tiempo de lectura":"1 minuto"},"schema":{"@context":"https:\/\/schema.org","@graph":[{"@type":"Organization","@id":"https:\/\/stratya.com\/es\/#organization","name":"Stratya","url":"https:\/\/stratya.com\/es\/","sameAs":[],"logo":{"@type":"ImageObject","inLanguage":"es","@id":"https:\/\/stratya.com\/es\/#\/schema\/logo\/image\/","url":"https:\/\/stratya.com\/wp-content\/uploads\/logo-stratya.png","contentUrl":"https:\/\/stratya.com\/wp-content\/uploads\/logo-stratya.png","width":606,"height":213,"caption":"Stratya"},"image":{"@id":"https:\/\/stratya.com\/es\/#\/schema\/logo\/image\/"}},{"@type":"WebSite","@id":"https:\/\/stratya.com\/es\/#website","url":"https:\/\/stratya.com\/es\/","name":"Stratya","description":"Software de gesti\u00f3n, by OnClick Solutions","publisher":{"@id":"https:\/\/stratya.com\/es\/#organization"},"potentialAction":[{"@type":"SearchAction","target":{"@type":"EntryPoint","urlTemplate":"https:\/\/stratya.com\/es\/?s={search_term_string}"},"query-input":"required name=search_term_string"}],"inLanguage":"es"},{"@type":"WebPage","@id":"https:\/\/stratya.com\/es\/casos-de-exito\/#webpage","url":"https:\/\/stratya.com\/es\/casos-de-exito\/","name":"Casos de \u00e9xito - Stratya","isPartOf":{"@id":"https:\/\/stratya.com\/es\/#website"},"datePublished":"2022-06-30T14:59:03+00:00","dateModified":"2022-07-20T17:40:10+00:00","description":"Casos de \u00e9xito. Descubra c\u00f3mo nuestros clientes est\u00e1n triunfando con el software de gesti\u00f3n empresarial Stratya","breadcrumb":{"@id":"https:\/\/stratya.com\/es\/casos-de-exito\/#breadcrumb"},"inLanguage":"es","potentialAction":[{"@type":"ReadAction","target":["https:\/\/stratya.com\/es\/casos-de-exito\/"]}]},{"@type":"BreadcrumbList","@id":"https:\/\/stratya.com\/es\/casos-de-exito\/#breadcrumb","itemListElement":[{"@type":"ListItem","position":1,"name":"Portada","item":"https:\/\/stratya.com\/es\/"},{"@type":"ListItem","position":2,"name":"Casos de \u00e9xito"}]}]}},"_links":{"self":[{"href":"https:\/\/stratya.com\/es\/wp-json\/wp\/v2\/pages\/448"}],"collection":[{"href":"https:\/\/stratya.com\/es\/wp-json\/wp\/v2\/pages"}],"about":[{"href":"https:\/\/stratya.com\/es\/wp-json\/wp\/v2\/types\/page"}],"author":[{"embeddable":true,"href":"https:\/\/stratya.com\/es\/wp-json\/wp\/v2\/users\/1"}],"replies":[{"embeddable":true,"href":"https:\/\/stratya.com\/es\/wp-json\/wp\/v2\/comments?post=448"}],"version-history":[{"count":0,"href":"https:\/\/stratya.com\/es\/wp-json\/wp\/v2\/pages\/448\/revisions"}],"wp:attachment":[{"href":"https:\/\/stratya.com\/es\/wp-json\/wp\/v2\/media?parent=448"}],"curies":[{"name":"wp","href":"https:\/\/api.w.org\/{rel}","templated":true}]}}