{"id":676,"date":"2022-07-12T10:24:18","date_gmt":"2022-07-12T10:24:18","guid":{"rendered":"https:\/\/stratya.com\/?page_id=676"},"modified":"2025-10-29T10:51:28","modified_gmt":"2025-10-29T10:51:28","slug":"stratya-software-de-gestion-empresarial","status":"publish","type":"page","link":"https:\/\/stratya.com\/es\/","title":{"rendered":"P\u00e1gina principal"},"content":{"rendered":"","protected":false},"excerpt":{"rendered":"","protected":false},"author":1,"featured_media":0,"parent":0,"menu_order":0,"comment_status":"closed","ping_status":"closed","template":"page-templates\/page-home.php","meta":[],"acf":[],"yoast_head":"<!-- This site is optimized with the Yoast SEO plugin v19.2 - https:\/\/yoast.com\/wordpress\/plugins\/seo\/ -->\n<title>Stratya - Software de gesti\u00f3n empresarial para pymes<\/title>\n<meta name=\"description\" content=\"Stratya - Software de gesti\u00f3n empresarial para pymes para trabajar, con m\u00e1s eficiencia y hacer crecer su empresa a un coste razonable\" \/>\n<meta name=\"robots\" content=\"index, follow, max-snippet:-1, max-image-preview:large, max-video-preview:-1\" \/>\n<link rel=\"canonical\" href=\"https:\/\/stratya.com\/es\/\" \/>\n<meta property=\"og:locale\" content=\"es_ES\" \/>\n<meta property=\"og:type\" content=\"article\" \/>\n<meta property=\"og:title\" content=\"Stratya - Software de gesti\u00f3n empresarial para pymes\" \/>\n<meta property=\"og:description\" content=\"Software de gesti\u00f3n empresarial para pymes para trabajar, con m\u00e1s eficiencia y hacer crecer su empresa a un coste razonable\" \/>\n<meta property=\"og:url\" content=\"https:\/\/stratya.com\/es\/\" \/>\n<meta property=\"og:site_name\" content=\"Stratya\" \/>\n<meta property=\"article:modified_time\" content=\"2025-10-29T10:51:28+00:00\" \/>\n<meta name=\"author\" content=\"emfasi\" \/>\n<meta name=\"twitter:card\" content=\"summary_large_image\" \/>\n<meta name=\"twitter:title\" content=\"Stratya - Software de gesti\u00f3n empresarial para pymes\" \/>\n<meta name=\"twitter:description\" content=\"Software de gesti\u00f3n empresarial para pymes para trabajar, con m\u00e1s eficiencia y hacer crecer su empresa a un coste razonable\" \/>\n<script type=\"application\/ld+json\" class=\"yoast-schema-graph\">{\"@context\":\"https:\/\/schema.org\",\"@graph\":[{\"@type\":\"Organization\",\"@id\":\"https:\/\/stratya.com\/es\/#organization\",\"name\":\"Stratya\",\"url\":\"https:\/\/stratya.com\/es\/\",\"sameAs\":[],\"logo\":{\"@type\":\"ImageObject\",\"inLanguage\":\"es\",\"@id\":\"https:\/\/stratya.com\/es\/#\/schema\/logo\/image\/\",\"url\":\"https:\/\/stratya.com\/wp-content\/uploads\/logo-stratya.png\",\"contentUrl\":\"https:\/\/stratya.com\/wp-content\/uploads\/logo-stratya.png\",\"width\":606,\"height\":213,\"caption\":\"Stratya\"},\"image\":{\"@id\":\"https:\/\/stratya.com\/es\/#\/schema\/logo\/image\/\"}},{\"@type\":\"WebSite\",\"@id\":\"https:\/\/stratya.com\/es\/#website\",\"url\":\"https:\/\/stratya.com\/es\/\",\"name\":\"Stratya\",\"description\":\"Software de gesti\u00f3n, by OnClick Solutions\",\"publisher\":{\"@id\":\"https:\/\/stratya.com\/es\/#organization\"},\"potentialAction\":[{\"@type\":\"SearchAction\",\"target\":{\"@type\":\"EntryPoint\",\"urlTemplate\":\"https:\/\/stratya.com\/es\/?s={search_term_string}\"},\"query-input\":\"required name=search_term_string\"}],\"inLanguage\":\"es\"},{\"@type\":\"WebPage\",\"@id\":\"https:\/\/stratya.com\/es\/#webpage\",\"url\":\"https:\/\/stratya.com\/es\/\",\"name\":\"Stratya - Software de gesti\u00f3n empresarial para pymes\",\"isPartOf\":{\"@id\":\"https:\/\/stratya.com\/es\/#website\"},\"datePublished\":\"2022-07-12T10:24:18+00:00\",\"dateModified\":\"2025-10-29T10:51:28+00:00\",\"description\":\"Stratya - Software de gesti\u00f3n empresarial para pymes para trabajar, con m\u00e1s eficiencia y hacer crecer su empresa a un coste razonable\",\"breadcrumb\":{\"@id\":\"https:\/\/stratya.com\/es\/#breadcrumb\"},\"inLanguage\":\"es\",\"potentialAction\":[{\"@type\":\"ReadAction\",\"target\":[\"https:\/\/stratya.com\/es\/\"]}]},{\"@type\":\"BreadcrumbList\",\"@id\":\"https:\/\/stratya.com\/es\/#breadcrumb\",\"itemListElement\":[{\"@type\":\"ListItem\",\"position\":1,\"name\":\"Portada\",\"item\":\"https:\/\/stratya.com\/es\/\"},{\"@type\":\"ListItem\",\"position\":2,\"name\":\"P\u00e1gina principal\"}]}]}<\/script>\n<!-- \/ Yoast SEO plugin. -->","yoast_head_json":{"title":"Stratya - Software de gesti\u00f3n empresarial para pymes","description":"Stratya - Software de gesti\u00f3n empresarial para pymes para trabajar, con m\u00e1s eficiencia y hacer crecer su empresa a un coste razonable","robots":{"index":"index","follow":"follow","max-snippet":"max-snippet:-1","max-image-preview":"max-image-preview:large","max-video-preview":"max-video-preview:-1"},"canonical":"https:\/\/stratya.com\/es\/","og_locale":"es_ES","og_type":"article","og_title":"Stratya - Software de gesti\u00f3n empresarial para pymes","og_description":"Software de gesti\u00f3n empresarial para pymes para trabajar, con m\u00e1s eficiencia y hacer crecer su empresa a un coste razonable","og_url":"https:\/\/stratya.com\/es\/","og_site_name":"Stratya","article_modified_time":"2025-10-29T10:51:28+00:00","author":"emfasi","twitter_card":"summary_large_image","twitter_title":"Stratya - Software de gesti\u00f3n empresarial para pymes","twitter_description":"Software de gesti\u00f3n empresarial para pymes para trabajar, con m\u00e1s eficiencia y hacer crecer su empresa a un coste razonable","schema":{"@context":"https:\/\/schema.org","@graph":[{"@type":"Organization","@id":"https:\/\/stratya.com\/es\/#organization","name":"Stratya","url":"https:\/\/stratya.com\/es\/","sameAs":[],"logo":{"@type":"ImageObject","inLanguage":"es","@id":"https:\/\/stratya.com\/es\/#\/schema\/logo\/image\/","url":"https:\/\/stratya.com\/wp-content\/uploads\/logo-stratya.png","contentUrl":"https:\/\/stratya.com\/wp-content\/uploads\/logo-stratya.png","width":606,"height":213,"caption":"Stratya"},"image":{"@id":"https:\/\/stratya.com\/es\/#\/schema\/logo\/image\/"}},{"@type":"WebSite","@id":"https:\/\/stratya.com\/es\/#website","url":"https:\/\/stratya.com\/es\/","name":"Stratya","description":"Software de gesti\u00f3n, by OnClick Solutions","publisher":{"@id":"https:\/\/stratya.com\/es\/#organization"},"potentialAction":[{"@type":"SearchAction","target":{"@type":"EntryPoint","urlTemplate":"https:\/\/stratya.com\/es\/?s={search_term_string}"},"query-input":"required name=search_term_string"}],"inLanguage":"es"},{"@type":"WebPage","@id":"https:\/\/stratya.com\/es\/#webpage","url":"https:\/\/stratya.com\/es\/","name":"Stratya - Software de gesti\u00f3n empresarial para pymes","isPartOf":{"@id":"https:\/\/stratya.com\/es\/#website"},"datePublished":"2022-07-12T10:24:18+00:00","dateModified":"2025-10-29T10:51:28+00:00","description":"Stratya - Software de gesti\u00f3n empresarial para pymes para trabajar, con m\u00e1s eficiencia y hacer crecer su empresa a un coste razonable","breadcrumb":{"@id":"https:\/\/stratya.com\/es\/#breadcrumb"},"inLanguage":"es","potentialAction":[{"@type":"ReadAction","target":["https:\/\/stratya.com\/es\/"]}]},{"@type":"BreadcrumbList","@id":"https:\/\/stratya.com\/es\/#breadcrumb","itemListElement":[{"@type":"ListItem","position":1,"name":"Portada","item":"https:\/\/stratya.com\/es\/"},{"@type":"ListItem","position":2,"name":"P\u00e1gina principal"}]}]}},"_links":{"self":[{"href":"https:\/\/stratya.com\/es\/wp-json\/wp\/v2\/pages\/676"}],"collection":[{"href":"https:\/\/stratya.com\/es\/wp-json\/wp\/v2\/pages"}],"about":[{"href":"https:\/\/stratya.com\/es\/wp-json\/wp\/v2\/types\/page"}],"author":[{"embeddable":true,"href":"https:\/\/stratya.com\/es\/wp-json\/wp\/v2\/users\/1"}],"replies":[{"embeddable":true,"href":"https:\/\/stratya.com\/es\/wp-json\/wp\/v2\/comments?post=676"}],"version-history":[{"count":5,"href":"https:\/\/stratya.com\/es\/wp-json\/wp\/v2\/pages\/676\/revisions"}],"predecessor-version":[{"id":2327,"href":"https:\/\/stratya.com\/es\/wp-json\/wp\/v2\/pages\/676\/revisions\/2327"}],"wp:attachment":[{"href":"https:\/\/stratya.com\/es\/wp-json\/wp\/v2\/media?parent=676"}],"curies":[{"name":"wp","href":"https:\/\/api.w.org\/{rel}","templated":true}]}}