{"id":398,"date":"2022-06-30T08:27:55","date_gmt":"2022-06-30T08:27:55","guid":{"rendered":"https:\/\/stratya.com\/?post_type=product&#038;p=398"},"modified":"2025-11-10T09:02:29","modified_gmt":"2025-11-10T09:02:29","slug":"stratya-erp","status":"publish","type":"product","link":"https:\/\/stratya.com\/es\/producto\/stratya-erp\/","title":{"rendered":"Stratya ERP"},"content":{"rendered":"","protected":false},"excerpt":{"rendered":"","protected":false},"featured_media":0,"menu_order":0,"template":"","acf":[],"yoast_head":"<!-- This site is optimized with the Yoast SEO plugin v19.2 - https:\/\/yoast.com\/wordpress\/plugins\/seo\/ -->\n<title>Stratya ERP - Software de gesti\u00f3n empresarial<\/title>\n<meta name=\"description\" content=\"El software de gesti\u00f3n empresarial para pymes que se adapta EXACTAMENTE a sus necesidades, en tiempo r\u00e9cord y a un coste razonable\" \/>\n<meta name=\"robots\" content=\"index, follow, max-snippet:-1, max-image-preview:large, max-video-preview:-1\" \/>\n<link rel=\"canonical\" href=\"https:\/\/stratya.com\/es\/producto\/stratya-erp\/\" \/>\n<meta property=\"og:locale\" content=\"es_ES\" \/>\n<meta property=\"og:type\" content=\"article\" \/>\n<meta property=\"og:title\" content=\"Stratya ERP - Software de gesti\u00f3n empresarial\" \/>\n<meta property=\"og:description\" content=\"El software de gesti\u00f3n empresarial para pymes que se adapta EXACTAMENTE a sus necesidades, en tiempo r\u00e9cord y a un coste razonable\" \/>\n<meta property=\"og:url\" content=\"https:\/\/stratya.com\/es\/producto\/stratya-erp\/\" \/>\n<meta property=\"og:site_name\" content=\"Stratya\" \/>\n<meta property=\"article:modified_time\" content=\"2025-11-10T09:02:29+00:00\" \/>\n<meta name=\"author\" content=\"dfabregas\" \/>\n<meta name=\"twitter:card\" content=\"summary_large_image\" \/>\n<meta name=\"twitter:description\" content=\"El software de gesti\u00f3n empresarial para pymes que se adapta EXACTAMENTE a sus necesidades, en tiempo r\u00e9cord y a un coste razonable\" \/>\n<script type=\"application\/ld+json\" class=\"yoast-schema-graph\">{\"@context\":\"https:\/\/schema.org\",\"@graph\":[{\"@type\":\"Organization\",\"@id\":\"https:\/\/stratya.com\/es\/#organization\",\"name\":\"Stratya\",\"url\":\"https:\/\/stratya.com\/es\/\",\"sameAs\":[],\"logo\":{\"@type\":\"ImageObject\",\"inLanguage\":\"es\",\"@id\":\"https:\/\/stratya.com\/es\/#\/schema\/logo\/image\/\",\"url\":\"https:\/\/stratya.com\/wp-content\/uploads\/logo-stratya.png\",\"contentUrl\":\"https:\/\/stratya.com\/wp-content\/uploads\/logo-stratya.png\",\"width\":606,\"height\":213,\"caption\":\"Stratya\"},\"image\":{\"@id\":\"https:\/\/stratya.com\/es\/#\/schema\/logo\/image\/\"}},{\"@type\":\"WebSite\",\"@id\":\"https:\/\/stratya.com\/es\/#website\",\"url\":\"https:\/\/stratya.com\/es\/\",\"name\":\"Stratya\",\"description\":\"Software de gesti\u00f3n, by OnClick Solutions\",\"publisher\":{\"@id\":\"https:\/\/stratya.com\/es\/#organization\"},\"potentialAction\":[{\"@type\":\"SearchAction\",\"target\":{\"@type\":\"EntryPoint\",\"urlTemplate\":\"https:\/\/stratya.com\/es\/?s={search_term_string}\"},\"query-input\":\"required name=search_term_string\"}],\"inLanguage\":\"es\"},{\"@type\":\"WebPage\",\"@id\":\"https:\/\/stratya.com\/es\/producto\/stratya-erp\/#webpage\",\"url\":\"https:\/\/stratya.com\/es\/producto\/stratya-erp\/\",\"name\":\"Stratya ERP - Software de gesti\u00f3n empresarial\",\"isPartOf\":{\"@id\":\"https:\/\/stratya.com\/es\/#website\"},\"datePublished\":\"2022-06-30T08:27:55+00:00\",\"dateModified\":\"2025-11-10T09:02:29+00:00\",\"description\":\"El software de gesti\u00f3n empresarial para pymes que se adapta EXACTAMENTE a sus necesidades, en tiempo r\u00e9cord y a un coste razonable\",\"breadcrumb\":{\"@id\":\"https:\/\/stratya.com\/es\/producto\/stratya-erp\/#breadcrumb\"},\"inLanguage\":\"es\",\"potentialAction\":[{\"@type\":\"ReadAction\",\"target\":[\"https:\/\/stratya.com\/es\/producto\/stratya-erp\/\"]}]},{\"@type\":\"BreadcrumbList\",\"@id\":\"https:\/\/stratya.com\/es\/producto\/stratya-erp\/#breadcrumb\",\"itemListElement\":[{\"@type\":\"ListItem\",\"position\":1,\"name\":\"Portada\",\"item\":\"https:\/\/stratya.com\/es\/\"},{\"@type\":\"ListItem\",\"position\":2,\"name\":\"Stratya ERP\"}]}]}<\/script>\n<!-- \/ Yoast SEO plugin. -->","yoast_head_json":{"title":"Stratya ERP - Software de gesti\u00f3n empresarial","description":"El software de gesti\u00f3n empresarial para pymes que se adapta EXACTAMENTE a sus necesidades, en tiempo r\u00e9cord y a un coste razonable","robots":{"index":"index","follow":"follow","max-snippet":"max-snippet:-1","max-image-preview":"max-image-preview:large","max-video-preview":"max-video-preview:-1"},"canonical":"https:\/\/stratya.com\/es\/producto\/stratya-erp\/","og_locale":"es_ES","og_type":"article","og_title":"Stratya ERP - Software de gesti\u00f3n empresarial","og_description":"El software de gesti\u00f3n empresarial para pymes que se adapta EXACTAMENTE a sus necesidades, en tiempo r\u00e9cord y a un coste razonable","og_url":"https:\/\/stratya.com\/es\/producto\/stratya-erp\/","og_site_name":"Stratya","article_modified_time":"2025-11-10T09:02:29+00:00","author":"dfabregas","twitter_card":"summary_large_image","twitter_description":"El software de gesti\u00f3n empresarial para pymes que se adapta EXACTAMENTE a sus necesidades, en tiempo r\u00e9cord y a un coste razonable","schema":{"@context":"https:\/\/schema.org","@graph":[{"@type":"Organization","@id":"https:\/\/stratya.com\/es\/#organization","name":"Stratya","url":"https:\/\/stratya.com\/es\/","sameAs":[],"logo":{"@type":"ImageObject","inLanguage":"es","@id":"https:\/\/stratya.com\/es\/#\/schema\/logo\/image\/","url":"https:\/\/stratya.com\/wp-content\/uploads\/logo-stratya.png","contentUrl":"https:\/\/stratya.com\/wp-content\/uploads\/logo-stratya.png","width":606,"height":213,"caption":"Stratya"},"image":{"@id":"https:\/\/stratya.com\/es\/#\/schema\/logo\/image\/"}},{"@type":"WebSite","@id":"https:\/\/stratya.com\/es\/#website","url":"https:\/\/stratya.com\/es\/","name":"Stratya","description":"Software de gesti\u00f3n, by OnClick Solutions","publisher":{"@id":"https:\/\/stratya.com\/es\/#organization"},"potentialAction":[{"@type":"SearchAction","target":{"@type":"EntryPoint","urlTemplate":"https:\/\/stratya.com\/es\/?s={search_term_string}"},"query-input":"required name=search_term_string"}],"inLanguage":"es"},{"@type":"WebPage","@id":"https:\/\/stratya.com\/es\/producto\/stratya-erp\/#webpage","url":"https:\/\/stratya.com\/es\/producto\/stratya-erp\/","name":"Stratya ERP - Software de gesti\u00f3n empresarial","isPartOf":{"@id":"https:\/\/stratya.com\/es\/#website"},"datePublished":"2022-06-30T08:27:55+00:00","dateModified":"2025-11-10T09:02:29+00:00","description":"El software de gesti\u00f3n empresarial para pymes que se adapta EXACTAMENTE a sus necesidades, en tiempo r\u00e9cord y a un coste razonable","breadcrumb":{"@id":"https:\/\/stratya.com\/es\/producto\/stratya-erp\/#breadcrumb"},"inLanguage":"es","potentialAction":[{"@type":"ReadAction","target":["https:\/\/stratya.com\/es\/producto\/stratya-erp\/"]}]},{"@type":"BreadcrumbList","@id":"https:\/\/stratya.com\/es\/producto\/stratya-erp\/#breadcrumb","itemListElement":[{"@type":"ListItem","position":1,"name":"Portada","item":"https:\/\/stratya.com\/es\/"},{"@type":"ListItem","position":2,"name":"Stratya ERP"}]}]}},"_links":{"self":[{"href":"https:\/\/stratya.com\/es\/wp-json\/wp\/v2\/product\/398"}],"collection":[{"href":"https:\/\/stratya.com\/es\/wp-json\/wp\/v2\/product"}],"about":[{"href":"https:\/\/stratya.com\/es\/wp-json\/wp\/v2\/types\/product"}],"version-history":[{"count":8,"href":"https:\/\/stratya.com\/es\/wp-json\/wp\/v2\/product\/398\/revisions"}],"predecessor-version":[{"id":2370,"href":"https:\/\/stratya.com\/es\/wp-json\/wp\/v2\/product\/398\/revisions\/2370"}],"wp:attachment":[{"href":"https:\/\/stratya.com\/es\/wp-json\/wp\/v2\/media?parent=398"}],"curies":[{"name":"wp","href":"https:\/\/api.w.org\/{rel}","templated":true}]}}